{"id":34699,"date":"2023-09-05T09:17:26","date_gmt":"2023-09-05T07:17:26","guid":{"rendered":"https:\/\/rugnosis.com\/product\/persian-zanjan-994347\/"},"modified":"2024-03-05T18:45:06","modified_gmt":"2024-03-05T17:45:06","slug":"persian-zanjan-994347","status":"publish","type":"product","link":"https:\/\/rugnosis.com\/fr\/product\/zanjan-persan-994347\/","title":{"rendered":"Zanjan Perse"},"content":{"rendered":"<p>Zanjan persan nou\u00e9 \u00e0 la main (111 \u00d7 210 cm) en velours de laine et cha\u00eene de coton.<\/p>","protected":false},"excerpt":{"rendered":"<p>Zanjan persan nou\u00e9 \u00e0 la main (111 \u00d7 210 cm).<\/p>","protected":false},"featured_media":32923,"comment_status":"closed","ping_status":"closed","template":"","meta":[],"product_brand":[],"product_cat":[79,900],"product_tag":[988],"class_list":{"0":"post-34699","1":"product","2":"type-product","3":"status-publish","4":"has-post-thumbnail","6":"product_cat-persian-rug","7":"product_cat-zanjan-rug","8":"product_tag-classic-design","9":"pa_age-vintage-rugs","10":"pa_colour-red-carpets","11":"pa_origin-persian","13":"first","14":"outofstock","15":"purchasable","16":"product-type-simple"},"_links":{"self":[{"href":"https:\/\/rugnosis.com\/fr\/wp-json\/wp\/v2\/product\/34699","targetHints":{"allow":["GET"]}}],"collection":[{"href":"https:\/\/rugnosis.com\/fr\/wp-json\/wp\/v2\/product"}],"about":[{"href":"https:\/\/rugnosis.com\/fr\/wp-json\/wp\/v2\/types\/product"}],"replies":[{"embeddable":true,"href":"https:\/\/rugnosis.com\/fr\/wp-json\/wp\/v2\/comments?post=34699"}],"wp:featuredmedia":[{"embeddable":true,"href":"https:\/\/rugnosis.com\/fr\/wp-json\/wp\/v2\/media\/32923"}],"wp:attachment":[{"href":"https:\/\/rugnosis.com\/fr\/wp-json\/wp\/v2\/media?parent=34699"}],"wp:term":[{"taxonomy":"product_brand","embeddable":true,"href":"https:\/\/rugnosis.com\/fr\/wp-json\/wp\/v2\/product_brand?post=34699"},{"taxonomy":"product_cat","embeddable":true,"href":"https:\/\/rugnosis.com\/fr\/wp-json\/wp\/v2\/product_cat?post=34699"},{"taxonomy":"product_tag","embeddable":true,"href":"https:\/\/rugnosis.com\/fr\/wp-json\/wp\/v2\/product_tag?post=34699"}],"curies":[{"name":"wp","href":"https:\/\/api.w.org\/{rel}","templated":true}]}}