{"id":34753,"date":"2023-09-05T09:19:50","date_gmt":"2023-09-05T07:19:50","guid":{"rendered":"https:\/\/rugnosis.com\/product\/persian-shiraz-789705\/"},"modified":"2025-03-06T12:06:36","modified_gmt":"2025-03-06T11:06:36","slug":"persian-shiraz-rug-789705","status":"publish","type":"product","link":"https:\/\/rugnosis.com\/fr\/product\/shiraz-persan-789705\/","title":{"rendered":"Tapis persan Shiraz"},"content":{"rendered":"","protected":false},"excerpt":{"rendered":"<p>Tapis persan Shiraz nou\u00e9 \u00e0 la main avec de la laine fil\u00e9e \u00e0 la main<br \/>\n182 \u00d7 121 cm<\/p>","protected":false},"featured_media":33400,"comment_status":"closed","ping_status":"closed","template":"","meta":[],"product_brand":[],"product_cat":[79,894,995],"product_tag":[988],"class_list":{"0":"post-34753","1":"product","2":"type-product","3":"status-publish","4":"has-post-thumbnail","6":"product_cat-persian-rug","7":"product_cat-shiraz-rug","8":"product_cat-vintage-rugs","9":"product_tag-classic-design","10":"pa_age-vintage-rugs","11":"pa_colour-beige-carpets","12":"pa_colour-green-carpets","13":"pa_origin-persian","15":"first","16":"instock","17":"purchasable","18":"product-type-simple"},"_links":{"self":[{"href":"https:\/\/rugnosis.com\/fr\/wp-json\/wp\/v2\/product\/34753","targetHints":{"allow":["GET"]}}],"collection":[{"href":"https:\/\/rugnosis.com\/fr\/wp-json\/wp\/v2\/product"}],"about":[{"href":"https:\/\/rugnosis.com\/fr\/wp-json\/wp\/v2\/types\/product"}],"replies":[{"embeddable":true,"href":"https:\/\/rugnosis.com\/fr\/wp-json\/wp\/v2\/comments?post=34753"}],"wp:featuredmedia":[{"embeddable":true,"href":"https:\/\/rugnosis.com\/fr\/wp-json\/wp\/v2\/media\/33400"}],"wp:attachment":[{"href":"https:\/\/rugnosis.com\/fr\/wp-json\/wp\/v2\/media?parent=34753"}],"wp:term":[{"taxonomy":"product_brand","embeddable":true,"href":"https:\/\/rugnosis.com\/fr\/wp-json\/wp\/v2\/product_brand?post=34753"},{"taxonomy":"product_cat","embeddable":true,"href":"https:\/\/rugnosis.com\/fr\/wp-json\/wp\/v2\/product_cat?post=34753"},{"taxonomy":"product_tag","embeddable":true,"href":"https:\/\/rugnosis.com\/fr\/wp-json\/wp\/v2\/product_tag?post=34753"}],"curies":[{"name":"wp","href":"https:\/\/api.w.org\/{rel}","templated":true}]}}