{"id":34754,"date":"2023-09-05T09:17:50","date_gmt":"2023-09-05T07:17:50","guid":{"rendered":"https:\/\/rugnosis.com\/product\/persian-qashqai-788292\/"},"modified":"2024-03-05T18:39:26","modified_gmt":"2024-03-05T17:39:26","slug":"persian-qashqai-rug-788292","status":"publish","type":"product","link":"https:\/\/rugnosis.com\/fr\/product\/tapis-persan-qashqai-788292\/","title":{"rendered":"Tapis persan Qashqai"},"content":{"rendered":"","protected":false},"excerpt":{"rendered":"<p>Tapis Qashqai nou\u00e9 \u00e0 la main avec de la laine fil\u00e9e \u00e0 la main <br \/>214 \u00d7 139 cm<\/p>","protected":false},"featured_media":33410,"comment_status":"closed","ping_status":"closed","template":"","meta":[],"product_brand":[],"product_cat":[79,887],"product_tag":[988],"class_list":{"0":"post-34754","1":"product","2":"type-product","3":"status-publish","4":"has-post-thumbnail","6":"product_cat-persian-rug","7":"product_cat-qashqai-rug","8":"product_tag-classic-design","9":"pa_age-vintage-rugs","10":"pa_colour-brown-carpets","11":"pa_colour-grey-carpets","12":"pa_origin-persian","14":"first","15":"instock","16":"purchasable","17":"product-type-simple"},"_links":{"self":[{"href":"https:\/\/rugnosis.com\/fr\/wp-json\/wp\/v2\/product\/34754","targetHints":{"allow":["GET"]}}],"collection":[{"href":"https:\/\/rugnosis.com\/fr\/wp-json\/wp\/v2\/product"}],"about":[{"href":"https:\/\/rugnosis.com\/fr\/wp-json\/wp\/v2\/types\/product"}],"replies":[{"embeddable":true,"href":"https:\/\/rugnosis.com\/fr\/wp-json\/wp\/v2\/comments?post=34754"}],"wp:featuredmedia":[{"embeddable":true,"href":"https:\/\/rugnosis.com\/fr\/wp-json\/wp\/v2\/media\/33410"}],"wp:attachment":[{"href":"https:\/\/rugnosis.com\/fr\/wp-json\/wp\/v2\/media?parent=34754"}],"wp:term":[{"taxonomy":"product_brand","embeddable":true,"href":"https:\/\/rugnosis.com\/fr\/wp-json\/wp\/v2\/product_brand?post=34754"},{"taxonomy":"product_cat","embeddable":true,"href":"https:\/\/rugnosis.com\/fr\/wp-json\/wp\/v2\/product_cat?post=34754"},{"taxonomy":"product_tag","embeddable":true,"href":"https:\/\/rugnosis.com\/fr\/wp-json\/wp\/v2\/product_tag?post=34754"}],"curies":[{"name":"wp","href":"https:\/\/api.w.org\/{rel}","templated":true}]}}