{"id":34794,"date":"2023-09-05T09:18:07","date_gmt":"2023-09-05T07:18:07","guid":{"rendered":"https:\/\/rugnosis.com\/product\/persian-turkaman-953235\/"},"modified":"2025-03-06T12:13:44","modified_gmt":"2025-03-06T11:13:44","slug":"persian-turkmen-rug-953235","status":"publish","type":"product","link":"https:\/\/rugnosis.com\/fr\/product\/tapis-persan-turkmene-953235\/","title":{"rendered":"Tapis persan Turkmen"},"content":{"rendered":"","protected":false},"excerpt":{"rendered":"<p>Tapis Turkaman nou\u00e9 \u00e0 la main avec de la laine fil\u00e9e \u00e0 la main <br \/>136 \u00d7 110 cm<\/p>","protected":false},"featured_media":33749,"comment_status":"closed","ping_status":"closed","template":"","meta":[],"product_brand":[],"product_cat":[79,898,995],"product_tag":[988],"class_list":{"0":"post-34794","1":"product","2":"type-product","3":"status-publish","4":"has-post-thumbnail","6":"product_cat-persian-rug","7":"product_cat-turkmen-rug","8":"product_cat-vintage-rugs","9":"product_tag-classic-design","10":"pa_age-new","11":"pa_colour-dark-blue-carpets","12":"pa_colour-red-carpets","13":"pa_origin-persian","15":"first","16":"instock","17":"purchasable","18":"product-type-simple"},"_links":{"self":[{"href":"https:\/\/rugnosis.com\/fr\/wp-json\/wp\/v2\/product\/34794","targetHints":{"allow":["GET"]}}],"collection":[{"href":"https:\/\/rugnosis.com\/fr\/wp-json\/wp\/v2\/product"}],"about":[{"href":"https:\/\/rugnosis.com\/fr\/wp-json\/wp\/v2\/types\/product"}],"replies":[{"embeddable":true,"href":"https:\/\/rugnosis.com\/fr\/wp-json\/wp\/v2\/comments?post=34794"}],"wp:featuredmedia":[{"embeddable":true,"href":"https:\/\/rugnosis.com\/fr\/wp-json\/wp\/v2\/media\/33749"}],"wp:attachment":[{"href":"https:\/\/rugnosis.com\/fr\/wp-json\/wp\/v2\/media?parent=34794"}],"wp:term":[{"taxonomy":"product_brand","embeddable":true,"href":"https:\/\/rugnosis.com\/fr\/wp-json\/wp\/v2\/product_brand?post=34794"},{"taxonomy":"product_cat","embeddable":true,"href":"https:\/\/rugnosis.com\/fr\/wp-json\/wp\/v2\/product_cat?post=34794"},{"taxonomy":"product_tag","embeddable":true,"href":"https:\/\/rugnosis.com\/fr\/wp-json\/wp\/v2\/product_tag?post=34794"}],"curies":[{"name":"wp","href":"https:\/\/api.w.org\/{rel}","templated":true}]}}