{"id":34808,"date":"2023-09-05T09:18:07","date_gmt":"2023-09-05T07:18:07","guid":{"rendered":"https:\/\/rugnosis.com\/product\/persian-mashad-959193\/"},"modified":"2025-03-06T12:15:29","modified_gmt":"2025-03-06T11:15:29","slug":"persian-mashhad-rug-959193","status":"publish","type":"product","link":"https:\/\/rugnosis.com\/fr\/product\/tapis-persan-mashhad-959193\/","title":{"rendered":"Tapis persan Mashhad"},"content":{"rendered":"","protected":false},"excerpt":{"rendered":"<p>Tapis Mashad nou\u00e9 \u00e0 la main avec de la laine fil\u00e9e \u00e0 la main <br \/>393 \u00d7 302 cm<\/p>","protected":false},"featured_media":33861,"comment_status":"closed","ping_status":"closed","template":"","meta":[],"product_brand":[],"product_cat":[881,79,995],"product_tag":[988],"class_list":{"0":"post-34808","1":"product","2":"type-product","3":"status-publish","4":"has-post-thumbnail","6":"product_cat-mashhad-rug","7":"product_cat-persian-rug","8":"product_cat-vintage-rugs","9":"product_tag-classic-design","10":"pa_age-vintage-rugs","11":"pa_colour-red-carpets","12":"pa_origin-persian","14":"first","15":"instock","16":"purchasable","17":"product-type-simple"},"_links":{"self":[{"href":"https:\/\/rugnosis.com\/fr\/wp-json\/wp\/v2\/product\/34808","targetHints":{"allow":["GET"]}}],"collection":[{"href":"https:\/\/rugnosis.com\/fr\/wp-json\/wp\/v2\/product"}],"about":[{"href":"https:\/\/rugnosis.com\/fr\/wp-json\/wp\/v2\/types\/product"}],"replies":[{"embeddable":true,"href":"https:\/\/rugnosis.com\/fr\/wp-json\/wp\/v2\/comments?post=34808"}],"wp:featuredmedia":[{"embeddable":true,"href":"https:\/\/rugnosis.com\/fr\/wp-json\/wp\/v2\/media\/33861"}],"wp:attachment":[{"href":"https:\/\/rugnosis.com\/fr\/wp-json\/wp\/v2\/media?parent=34808"}],"wp:term":[{"taxonomy":"product_brand","embeddable":true,"href":"https:\/\/rugnosis.com\/fr\/wp-json\/wp\/v2\/product_brand?post=34808"},{"taxonomy":"product_cat","embeddable":true,"href":"https:\/\/rugnosis.com\/fr\/wp-json\/wp\/v2\/product_cat?post=34808"},{"taxonomy":"product_tag","embeddable":true,"href":"https:\/\/rugnosis.com\/fr\/wp-json\/wp\/v2\/product_tag?post=34808"}],"curies":[{"name":"wp","href":"https:\/\/api.w.org\/{rel}","templated":true}]}}