{"id":34815,"date":"2023-09-05T09:18:16","date_gmt":"2023-09-05T07:18:16","guid":{"rendered":"https:\/\/rugnosis.com\/product\/persian-sarouk-954342\/"},"modified":"2024-03-05T18:39:13","modified_gmt":"2024-03-05T17:39:13","slug":"persian-sarouk-954342","status":"publish","type":"product","link":"https:\/\/rugnosis.com\/fr\/product\/sarouk-persan-954342\/","title":{"rendered":"Sarouk Perse"},"content":{"rendered":"<p>Tapis persan nou\u00e9 \u00e0 la main Sarouk (136 \u00d7 208 cm) en velours de laine fil\u00e9e \u00e0 la main et cha\u00eene de coton.<\/p>","protected":false},"excerpt":{"rendered":"<p>Persan nou\u00e9 \u00e0 la main Sarouk (136 \u00d7 208 cm).<\/p>","protected":false},"featured_media":34214,"comment_status":"closed","ping_status":"closed","template":"","meta":[],"product_brand":[],"product_cat":[79,890],"product_tag":[988],"class_list":{"0":"post-34815","1":"product","2":"type-product","3":"status-publish","4":"has-post-thumbnail","6":"product_cat-persian-rug","7":"product_cat-sarouk-rug","8":"product_tag-classic-design","9":"pa_age-vintage-rugs","10":"pa_colour-dark-blue-carpets","11":"pa_colour-red-carpets","12":"pa_origin-persian","14":"first","15":"outofstock","16":"purchasable","17":"product-type-simple"},"_links":{"self":[{"href":"https:\/\/rugnosis.com\/fr\/wp-json\/wp\/v2\/product\/34815","targetHints":{"allow":["GET"]}}],"collection":[{"href":"https:\/\/rugnosis.com\/fr\/wp-json\/wp\/v2\/product"}],"about":[{"href":"https:\/\/rugnosis.com\/fr\/wp-json\/wp\/v2\/types\/product"}],"replies":[{"embeddable":true,"href":"https:\/\/rugnosis.com\/fr\/wp-json\/wp\/v2\/comments?post=34815"}],"wp:featuredmedia":[{"embeddable":true,"href":"https:\/\/rugnosis.com\/fr\/wp-json\/wp\/v2\/media\/34214"}],"wp:attachment":[{"href":"https:\/\/rugnosis.com\/fr\/wp-json\/wp\/v2\/media?parent=34815"}],"wp:term":[{"taxonomy":"product_brand","embeddable":true,"href":"https:\/\/rugnosis.com\/fr\/wp-json\/wp\/v2\/product_brand?post=34815"},{"taxonomy":"product_cat","embeddable":true,"href":"https:\/\/rugnosis.com\/fr\/wp-json\/wp\/v2\/product_cat?post=34815"},{"taxonomy":"product_tag","embeddable":true,"href":"https:\/\/rugnosis.com\/fr\/wp-json\/wp\/v2\/product_tag?post=34815"}],"curies":[{"name":"wp","href":"https:\/\/api.w.org\/{rel}","templated":true}]}}