{"id":34836,"date":"2023-09-05T09:18:25","date_gmt":"2023-09-05T07:18:25","guid":{"rendered":"https:\/\/rugnosis.com\/product\/persian-baluch-953676\/"},"modified":"2025-03-06T12:28:43","modified_gmt":"2025-03-06T11:28:43","slug":"persian-baluch-rug-953676","status":"publish","type":"product","link":"https:\/\/rugnosis.com\/fr\/product\/tapis-persan-baluch-953676\/","title":{"rendered":"Tapis persan Baluch"},"content":{"rendered":"","protected":false},"excerpt":{"rendered":"<p>Tapis Baluch nou\u00e9 \u00e0 la main avec de la laine fil\u00e9e \u00e0 la main <br \/>235 \u00d7 113 cm<\/p>","protected":false},"featured_media":34392,"comment_status":"closed","ping_status":"closed","template":"","meta":[],"product_brand":[],"product_cat":[867,79,995],"product_tag":[988],"class_list":{"0":"post-34836","1":"product","2":"type-product","3":"status-publish","4":"has-post-thumbnail","6":"product_cat-baluch-rug","7":"product_cat-persian-rug","8":"product_cat-vintage-rugs","9":"product_tag-classic-design","10":"pa_age-vintage-rugs","11":"pa_colour-red-carpets","12":"pa_origin-persian","14":"first","15":"instock","16":"purchasable","17":"product-type-simple"},"_links":{"self":[{"href":"https:\/\/rugnosis.com\/fr\/wp-json\/wp\/v2\/product\/34836","targetHints":{"allow":["GET"]}}],"collection":[{"href":"https:\/\/rugnosis.com\/fr\/wp-json\/wp\/v2\/product"}],"about":[{"href":"https:\/\/rugnosis.com\/fr\/wp-json\/wp\/v2\/types\/product"}],"replies":[{"embeddable":true,"href":"https:\/\/rugnosis.com\/fr\/wp-json\/wp\/v2\/comments?post=34836"}],"wp:featuredmedia":[{"embeddable":true,"href":"https:\/\/rugnosis.com\/fr\/wp-json\/wp\/v2\/media\/34392"}],"wp:attachment":[{"href":"https:\/\/rugnosis.com\/fr\/wp-json\/wp\/v2\/media?parent=34836"}],"wp:term":[{"taxonomy":"product_brand","embeddable":true,"href":"https:\/\/rugnosis.com\/fr\/wp-json\/wp\/v2\/product_brand?post=34836"},{"taxonomy":"product_cat","embeddable":true,"href":"https:\/\/rugnosis.com\/fr\/wp-json\/wp\/v2\/product_cat?post=34836"},{"taxonomy":"product_tag","embeddable":true,"href":"https:\/\/rugnosis.com\/fr\/wp-json\/wp\/v2\/product_tag?post=34836"}],"curies":[{"name":"wp","href":"https:\/\/api.w.org\/{rel}","templated":true}]}}