{"id":35194,"date":"2025-02-24T23:10:14","date_gmt":"2025-02-24T22:10:14","guid":{"rendered":"https:\/\/rugnosis.com\/?post_type=product&#038;p=35194"},"modified":"2025-06-06T19:59:40","modified_gmt":"2025-06-06T17:59:40","slug":"handwoven-undyed-beige-gabbeh-rug-woven-by-rezvan-20015","status":"publish","type":"product","link":"https:\/\/rugnosis.com\/fr\/product\/persian-qashqai-gabbeh-20015\/","title":{"rendered":"Tapis Qashqai Gabbeh beige non teint\u00e9 tiss\u00e9 \u00e0 la main par Rezvan"},"content":{"rendered":"","protected":false},"excerpt":{"rendered":"<p>Tapis persan Gabbeh nou\u00e9 \u00e0 la main avec de la laine fil\u00e9e \u00e0 la main<br \/>\n197 \u00d7 149 cm<\/p>","protected":false},"featured_media":35210,"comment_status":"closed","ping_status":"closed","template":"","meta":[],"product_brand":[1002],"product_cat":[870,993,79],"product_tag":[1000,996,989,997],"class_list":{"0":"post-35194","1":"product","2":"type-product","3":"status-publish","4":"has-post-thumbnail","6":"product_brand-qooch","7":"product_cat-gabbeh","8":"product_cat-modern-design-rugs","9":"product_cat-persian-rug","10":"product_tag-2-zar","11":"product_tag-gabbeh","12":"product_tag-modern-design-carpet","13":"product_tag-qooch","14":"pa_age-new","15":"pa_brand-qooch","16":"pa_colour-beige-carpets","17":"pa_colour-blue-carpets","18":"pa_colour-undyed","19":"pa_origin-persian","21":"first","22":"instock","23":"purchasable","24":"product-type-simple"},"_links":{"self":[{"href":"https:\/\/rugnosis.com\/fr\/wp-json\/wp\/v2\/product\/35194","targetHints":{"allow":["GET"]}}],"collection":[{"href":"https:\/\/rugnosis.com\/fr\/wp-json\/wp\/v2\/product"}],"about":[{"href":"https:\/\/rugnosis.com\/fr\/wp-json\/wp\/v2\/types\/product"}],"replies":[{"embeddable":true,"href":"https:\/\/rugnosis.com\/fr\/wp-json\/wp\/v2\/comments?post=35194"}],"wp:featuredmedia":[{"embeddable":true,"href":"https:\/\/rugnosis.com\/fr\/wp-json\/wp\/v2\/media\/35210"}],"wp:attachment":[{"href":"https:\/\/rugnosis.com\/fr\/wp-json\/wp\/v2\/media?parent=35194"}],"wp:term":[{"taxonomy":"product_brand","embeddable":true,"href":"https:\/\/rugnosis.com\/fr\/wp-json\/wp\/v2\/product_brand?post=35194"},{"taxonomy":"product_cat","embeddable":true,"href":"https:\/\/rugnosis.com\/fr\/wp-json\/wp\/v2\/product_cat?post=35194"},{"taxonomy":"product_tag","embeddable":true,"href":"https:\/\/rugnosis.com\/fr\/wp-json\/wp\/v2\/product_tag?post=35194"}],"curies":[{"name":"wp","href":"https:\/\/api.w.org\/{rel}","templated":true}]}}