{"id":35239,"date":"2025-03-02T14:19:33","date_gmt":"2025-03-02T13:19:33","guid":{"rendered":"https:\/\/rugnosis.com\/?post_type=product&#038;p=35239"},"modified":"2025-06-06T19:52:35","modified_gmt":"2025-06-06T17:52:35","slug":"handwoven-undyed-beige-qashqai-gabbeh-rug-woven-by-karbalay-monavar-14","status":"publish","type":"product","link":"https:\/\/rugnosis.com\/fr\/product\/persian-qashqai-gabbeh-woven-by-karbalay-monavar-14\/","title":{"rendered":"Tapis Qashqai Gabbeh beige non teint\u00e9 tiss\u00e9 \u00e0 la main par Karbalay-Monavar"},"content":{"rendered":"","protected":false},"excerpt":{"rendered":"<p>Tapis persan Gabbeh nou\u00e9 \u00e0 la main avec de la laine fil\u00e9e \u00e0 la main. Tiss\u00e9 par Rezvan \u00e0 Borujen, dans la province de Chaharmahal et Bakhtiari, en Iran.<br \/>\n173 \u00d7 124 cm<\/p>","protected":false},"featured_media":35240,"comment_status":"closed","ping_status":"closed","template":"","meta":[],"product_brand":[1002],"product_cat":[870,993,79],"product_tag":[996,989,997,998],"class_list":{"0":"post-35239","1":"product","2":"type-product","3":"status-publish","4":"has-post-thumbnail","6":"product_brand-qooch","7":"product_cat-gabbeh","8":"product_cat-modern-design-rugs","9":"product_cat-persian-rug","10":"product_tag-gabbeh","11":"product_tag-modern-design-carpet","12":"product_tag-qooch","13":"product_tag-zaro-nim","14":"pa_age-new","15":"pa_brand-qooch","16":"pa_colour-beige-carpets","17":"pa_colour-undyed","18":"pa_origin-persian","20":"first","21":"instock","22":"purchasable","23":"product-type-simple"},"_links":{"self":[{"href":"https:\/\/rugnosis.com\/fr\/wp-json\/wp\/v2\/product\/35239","targetHints":{"allow":["GET"]}}],"collection":[{"href":"https:\/\/rugnosis.com\/fr\/wp-json\/wp\/v2\/product"}],"about":[{"href":"https:\/\/rugnosis.com\/fr\/wp-json\/wp\/v2\/types\/product"}],"replies":[{"embeddable":true,"href":"https:\/\/rugnosis.com\/fr\/wp-json\/wp\/v2\/comments?post=35239"}],"wp:featuredmedia":[{"embeddable":true,"href":"https:\/\/rugnosis.com\/fr\/wp-json\/wp\/v2\/media\/35240"}],"wp:attachment":[{"href":"https:\/\/rugnosis.com\/fr\/wp-json\/wp\/v2\/media?parent=35239"}],"wp:term":[{"taxonomy":"product_brand","embeddable":true,"href":"https:\/\/rugnosis.com\/fr\/wp-json\/wp\/v2\/product_brand?post=35239"},{"taxonomy":"product_cat","embeddable":true,"href":"https:\/\/rugnosis.com\/fr\/wp-json\/wp\/v2\/product_cat?post=35239"},{"taxonomy":"product_tag","embeddable":true,"href":"https:\/\/rugnosis.com\/fr\/wp-json\/wp\/v2\/product_tag?post=35239"}],"curies":[{"name":"wp","href":"https:\/\/api.w.org\/{rel}","templated":true}]}}