{"id":35262,"date":"2025-03-02T17:53:43","date_gmt":"2025-03-02T16:53:43","guid":{"rendered":"https:\/\/rugnosis.com\/?post_type=product&#038;p=35262"},"modified":"2025-06-06T19:50:11","modified_gmt":"2025-06-06T17:50:11","slug":"handwoven-undyed-beige-qashqai-gabbeh-rug-woven-by-zahra-beygi-15","status":"publish","type":"product","link":"https:\/\/rugnosis.com\/fr\/product\/persian-qashqai-gabbeh-woven-by-zahra-beygi-15\/","title":{"rendered":"Tapis Qashqai Gabbeh beige non teint\u00e9 tiss\u00e9 \u00e0 la main par Zahra Beygi"},"content":{"rendered":"","protected":false},"excerpt":{"rendered":"<p>Tapis persan Gabbeh nou\u00e9 \u00e0 la main avec de la laine fil\u00e9e \u00e0 la main. Tiss\u00e9 par Zahra Beygi \u00e0 Cheshmeh Ali, dans la province de Chaharmahal et Bakhtiari, en Iran.<br \/>\n163 \u00d7 109 cm<\/p>","protected":false},"featured_media":35283,"comment_status":"closed","ping_status":"closed","template":"","meta":[],"product_brand":[1002],"product_cat":[870,993,79],"product_tag":[996,989,997,998],"class_list":{"0":"post-35262","1":"product","2":"type-product","3":"status-publish","4":"has-post-thumbnail","6":"product_brand-qooch","7":"product_cat-gabbeh","8":"product_cat-modern-design-rugs","9":"product_cat-persian-rug","10":"product_tag-gabbeh","11":"product_tag-modern-design-carpet","12":"product_tag-qooch","13":"product_tag-zaro-nim","14":"pa_age-new","15":"pa_brand-qooch","16":"pa_colour-beige-carpets","17":"pa_colour-undyed","18":"pa_origin-persian","20":"first","21":"instock","22":"purchasable","23":"product-type-simple"},"_links":{"self":[{"href":"https:\/\/rugnosis.com\/fr\/wp-json\/wp\/v2\/product\/35262","targetHints":{"allow":["GET"]}}],"collection":[{"href":"https:\/\/rugnosis.com\/fr\/wp-json\/wp\/v2\/product"}],"about":[{"href":"https:\/\/rugnosis.com\/fr\/wp-json\/wp\/v2\/types\/product"}],"replies":[{"embeddable":true,"href":"https:\/\/rugnosis.com\/fr\/wp-json\/wp\/v2\/comments?post=35262"}],"wp:featuredmedia":[{"embeddable":true,"href":"https:\/\/rugnosis.com\/fr\/wp-json\/wp\/v2\/media\/35283"}],"wp:attachment":[{"href":"https:\/\/rugnosis.com\/fr\/wp-json\/wp\/v2\/media?parent=35262"}],"wp:term":[{"taxonomy":"product_brand","embeddable":true,"href":"https:\/\/rugnosis.com\/fr\/wp-json\/wp\/v2\/product_brand?post=35262"},{"taxonomy":"product_cat","embeddable":true,"href":"https:\/\/rugnosis.com\/fr\/wp-json\/wp\/v2\/product_cat?post=35262"},{"taxonomy":"product_tag","embeddable":true,"href":"https:\/\/rugnosis.com\/fr\/wp-json\/wp\/v2\/product_tag?post=35262"}],"curies":[{"name":"wp","href":"https:\/\/api.w.org\/{rel}","templated":true}]}}